{"id":9787,"date":"2024-04-03T11:32:48","date_gmt":"2024-04-03T09:32:48","guid":{"rendered":"https:\/\/ma.melianak.com\/?page_id=9787"},"modified":"2024-04-03T11:32:50","modified_gmt":"2024-04-03T09:32:50","slug":"burkini-noir","status":"publish","type":"page","link":"https:\/\/ma.melianak.com\/ar\/black-burkini\/","title":{"rendered":"Burkini noir"},"content":{"rendered":"<div data-elementor-type=\"wp-page\" data-elementor-id=\"9787\" class=\"elementor elementor-9787\" data-elementor-post-type=\"page\">\n\t\t\t\t<div class=\"elementor-element elementor-element-010a1bb e-con-full e-flex e-con e-parent\" data-id=\"010a1bb\" data-element_type=\"container\" data-e-type=\"container\" data-settings=\"{&quot;background_background&quot;:&quot;classic&quot;,&quot;jet_parallax_layout_list&quot;:[]}\">\n\t\t<div class=\"elementor-element elementor-element-2a44a9a e-flex e-con-boxed e-con e-child\" data-id=\"2a44a9a\" data-element_type=\"container\" data-e-type=\"container\" data-settings=\"{&quot;jet_parallax_layout_list&quot;:[]}\">\n\t\t\t\t\t<div class=\"e-con-inner\">\n\t\t\t\t<div class=\"elementor-element elementor-element-b287793 elementor-invisible elementor-widget elementor-widget-text-editor\" data-id=\"b287793\" data-element_type=\"widget\" data-e-type=\"widget\" data-settings=\"{&quot;_animation&quot;:&quot;fadeInUp&quot;}\" data-widget_type=\"text-editor.default\">\n\t\t\t\t<div class=\"elementor-widget-container\">\n\t\t\t\t\t\t\t\t\t<p>Melianak swimwear<\/p>\t\t\t\t\t\t\t\t<\/div>\n\t\t\t\t<\/div>\n\t\t\t\t<div class=\"elementor-element elementor-element-6cfd51e elementor-invisible elementor-widget elementor-widget-heading\" data-id=\"6cfd51e\" data-element_type=\"widget\" data-e-type=\"widget\" data-settings=\"{&quot;_animation&quot;:&quot;fadeInUp&quot;}\" data-widget_type=\"heading.default\">\n\t\t\t\t<div class=\"elementor-widget-container\">\n\t\t\t\t\t<h1 class=\"elementor-heading-title elementor-size-default\">Burkini noir<\/h1>\t\t\t\t<\/div>\n\t\t\t\t<\/div>\n\t\t\t\t<div class=\"elementor-element elementor-element-5bb1c10 elementor-invisible elementor-widget elementor-widget-text-editor\" data-id=\"5bb1c10\" data-element_type=\"widget\" data-e-type=\"widget\" data-settings=\"{&quot;_animation&quot;:&quot;fadeInUp&quot;}\" data-widget_type=\"text-editor.default\">\n\t\t\t\t<div class=\"elementor-widget-container\">\n\t\t\t\t\t\t\t\t\t<p>\u0623\u0643\u062b\u0631 \u0645\u0646 \u0645\u062c\u0631\u062f \u0645\u0644\u0627\u0628\u0633 \u0633\u0628\u0627\u062d\u0629 \u0645\u062d\u062a\u0634\u0645\u0629\u060c \u0625\u0646\u0647\u0627 \u0628\u0634\u0631\u0629 \u062b\u0627\u0646\u064a\u0629<\/p>\t\t\t\t\t\t\t\t<\/div>\n\t\t\t\t<\/div>\n\t\t\t\t\t<\/div>\n\t\t\t\t<\/div>\n\t\t\t\t<\/div>\n\t\t<div class=\"elementor-element elementor-element-b88ed5b e-con-full e-flex e-con e-parent\" data-id=\"b88ed5b\" data-element_type=\"container\" data-e-type=\"container\" data-settings=\"{&quot;background_background&quot;:&quot;classic&quot;,&quot;jet_parallax_layout_list&quot;:[]}\">\n\t\t<div class=\"elementor-element elementor-element-293878c e-con-full e-flex e-con e-child\" data-id=\"293878c\" data-element_type=\"container\" data-e-type=\"container\" data-settings=\"{&quot;jet_parallax_layout_list&quot;:[]}\">\n\t\t<div class=\"elementor-element elementor-element-d10f2a8 e-flex e-con-boxed e-con e-child\" data-id=\"d10f2a8\" data-element_type=\"container\" data-e-type=\"container\" data-settings=\"{&quot;jet_parallax_layout_list&quot;:[]}\">\n\t\t\t\t\t<div class=\"e-con-inner\">\n\t\t<div class=\"elementor-element elementor-element-ccadebf e-flex e-con-boxed e-con e-child\" data-id=\"ccadebf\" data-element_type=\"container\" data-e-type=\"container\" data-settings=\"{&quot;jet_parallax_layout_list&quot;:[]}\">\n\t\t\t\t\t<div class=\"e-con-inner\">\n\t\t<div class=\"elementor-element elementor-element-efb7146 e-flex e-con-boxed e-con e-child\" data-id=\"efb7146\" data-element_type=\"container\" data-e-type=\"container\" data-settings=\"{&quot;jet_parallax_layout_list&quot;:[]}\">\n\t\t\t\t\t<div class=\"e-con-inner\">\n\t\t<div class=\"elementor-element elementor-element-c0ca28c e-flex e-con-boxed e-con e-child\" data-id=\"c0ca28c\" data-element_type=\"container\" data-e-type=\"container\" data-settings=\"{&quot;background_background&quot;:&quot;classic&quot;,&quot;jet_parallax_layout_list&quot;:[]}\">\n\t\t\t\t\t<div class=\"e-con-inner\">\n\t\t\t\t<div class=\"elementor-element elementor-element-00d965b elementor-icon-list--layout-inline elementor-align-center elementor-list-item-link-full_width elementor-widget elementor-widget-icon-list\" data-id=\"00d965b\" data-element_type=\"widget\" data-e-type=\"widget\" data-widget_type=\"icon-list.default\">\n\t\t\t\t<div class=\"elementor-widget-container\">\n\t\t\t\t\t\t\t<ul class=\"elementor-icon-list-items elementor-inline-items\">\n\t\t\t\t\t\t\t<li class=\"elementor-icon-list-item elementor-inline-item\">\n\t\t\t\t\t\t\t\t\t\t<span class=\"elementor-icon-list-text\">\u062d\u0645\u0627\u064a\u0629 \u0645\u0646 \u0627\u0644\u0623\u0634\u0639\u0629 \u0641\u0648\u0642 \u0627\u0644\u0628\u0646\u0641\u0633\u062c\u064a\u0629 50+<\/span>\n\t\t\t\t\t\t\t\t\t<\/li>\n\t\t\t\t\t\t\t\t<li class=\"elementor-icon-list-item elementor-inline-item\">\n\t\t\t\t\t\t\t\t\t\t<span class=\"elementor-icon-list-text\">\u0645\u0633\u0624\u0648\u0644 \u0628\u064a\u0626\u064a<\/span>\n\t\t\t\t\t\t\t\t\t<\/li>\n\t\t\t\t\t\t\t\t<li class=\"elementor-icon-list-item elementor-inline-item\">\n\t\t\t\t\t\t\t\t\t\t<span class=\"elementor-icon-list-text\">\u062a\u062c\u0641\u064a\u0641 \u0633\u0631\u064a\u0639<\/span>\n\t\t\t\t\t\t\t\t\t<\/li>\n\t\t\t\t\t\t<\/ul>\n\t\t\t\t\t\t<\/div>\n\t\t\t\t<\/div>\n\t\t\t\t\t<\/div>\n\t\t\t\t<\/div>\n\t\t\t\t\t<\/div>\n\t\t\t\t<\/div>\n\t\t\t\t\t<\/div>\n\t\t\t\t<\/div>\n\t\t<div class=\"elementor-element elementor-element-e685ca3 e-grid e-con-boxed e-con e-child\" data-id=\"e685ca3\" data-element_type=\"container\" data-e-type=\"container\" data-settings=\"{&quot;jet_parallax_layout_list&quot;:[]}\">\n\t\t\t\t\t<div class=\"e-con-inner\">\n\t\t<a class=\"elementor-element elementor-element-9317c36 e-con-full e-flex e-con e-child\" data-id=\"9317c36\" data-element_type=\"container\" data-e-type=\"container\" data-settings=\"{&quot;jet_parallax_layout_list&quot;:[]}\" href=\"https:\/\/ma.melianak.com\/ar\/product\/modest-swimsuit-with-skirt\/\" target=\"_blank\">\n\t\t\t\t<div class=\"elementor-element elementor-element-01e3bdd elementor-widget elementor-widget-image\" data-id=\"01e3bdd\" data-element_type=\"widget\" data-e-type=\"widget\" data-widget_type=\"image.default\">\n\t\t\t\t<div class=\"elementor-widget-container\">\n\t\t\t\t\t\t\t\t\t\t\t\t\t\t\t<img fetchpriority=\"high\" decoding=\"async\" width=\"534\" height=\"800\" src=\"https:\/\/ma.melianak.com\/wp-content\/uploads\/2023\/12\/Burkini-Studio-Pics-16-684x1024.webp\" class=\"attachment-large size-large wp-image-3323\" alt=\"Burkini noir trois pi\u00e8ces avec legging et haut de maillot de bain couvrant \u00e9l\u00e9gant\" srcset=\"https:\/\/ma.melianak.com\/wp-content\/uploads\/2023\/12\/Burkini-Studio-Pics-16-684x1024.webp 684w, https:\/\/ma.melianak.com\/wp-content\/uploads\/2023\/12\/Burkini-Studio-Pics-16-scaled-600x899.webp 600w, https:\/\/ma.melianak.com\/wp-content\/uploads\/2023\/12\/Burkini-Studio-Pics-16-200x300.webp 200w, https:\/\/ma.melianak.com\/wp-content\/uploads\/2023\/12\/Burkini-Studio-Pics-16-768x1150.webp 768w, https:\/\/ma.melianak.com\/wp-content\/uploads\/2023\/12\/Burkini-Studio-Pics-16-1025x1536.webp 1025w, https:\/\/ma.melianak.com\/wp-content\/uploads\/2023\/12\/Burkini-Studio-Pics-16-1367x2048.webp 1367w, https:\/\/ma.melianak.com\/wp-content\/uploads\/2023\/12\/Burkini-Studio-Pics-16-8x12.webp 8w, https:\/\/ma.melianak.com\/wp-content\/uploads\/2023\/12\/Burkini-Studio-Pics-16-scaled.webp 1709w\" sizes=\"(max-width: 534px) 100vw, 534px\" \/>\t\t\t\t\t\t\t\t\t\t\t\t\t\t\t<\/div>\n\t\t\t\t<\/div>\n\t\t<div class=\"elementor-element elementor-element-ede85cf e-flex e-con-boxed e-con e-child\" data-id=\"ede85cf\" data-element_type=\"container\" data-e-type=\"container\" data-settings=\"{&quot;jet_parallax_layout_list&quot;:[]}\">\n\t\t\t\t\t<div class=\"e-con-inner\">\n\t\t\t\t<div class=\"elementor-element elementor-element-3f2355a elementor-widget elementor-widget-text-editor\" data-id=\"3f2355a\" data-element_type=\"widget\" data-e-type=\"widget\" data-widget_type=\"text-editor.default\">\n\t\t\t\t<div class=\"elementor-widget-container\">\n\t\t\t\t\t\t\t\t\t<div id=\"tw-target-text-container\" class=\"tw-ta-container F0azHf tw-nfl\" tabindex=\"0\"><p id=\"tw-target-text\" class=\"tw-data-text tw-text-large tw-ta\" dir=\"ltr\" data-placeholder=\"Traduction\" data-ved=\"2ahUKEwiZtc79__uDAxUMfqQEHZ8bDJsQ3ewLegQICRAQ\"><span class=\"Y2IQFc\" lang=\"fr\">\u0645\u064a\u0644 - \u0623\u0633\u0648\u062f<\/span><\/p><\/div>\t\t\t\t\t\t\t\t<\/div>\n\t\t\t\t<\/div>\n\t\t\t\t<div class=\"elementor-element elementor-element-14e9af8 elementor-widget elementor-widget-heading\" data-id=\"14e9af8\" data-element_type=\"widget\" data-e-type=\"widget\" data-widget_type=\"heading.default\">\n\t\t\t\t<div class=\"elementor-widget-container\">\n\t\t\t\t\t<p class=\"elementor-heading-title elementor-size-default\">129,90 \u20ac<\/p>\t\t\t\t<\/div>\n\t\t\t\t<\/div>\n\t\t\t\t\t<\/div>\n\t\t\t\t<\/div>\n\t\t\t\t<\/a>\n\t\t<a class=\"elementor-element elementor-element-ed8c7ab e-flex e-con-boxed e-con e-child\" data-id=\"ed8c7ab\" data-element_type=\"container\" data-e-type=\"container\" data-settings=\"{&quot;background_background&quot;:&quot;classic&quot;,&quot;jet_parallax_layout_list&quot;:[]}\" href=\"https:\/\/ma.melianak.com\/ar\/product\/modest-swimwear-dress\/\" target=\"_blank\">\n\t\t\t\t\t<div class=\"e-con-inner\">\n\t\t\t\t<div class=\"elementor-element elementor-element-0736e78 elementor-widget elementor-widget-image\" data-id=\"0736e78\" data-element_type=\"widget\" data-e-type=\"widget\" data-widget_type=\"image.default\">\n\t\t\t\t<div class=\"elementor-widget-container\">\n\t\t\t\t\t\t\t\t\t\t\t\t\t\t\t<img decoding=\"async\" width=\"534\" height=\"800\" src=\"https:\/\/ma.melianak.com\/wp-content\/uploads\/2023\/12\/Burkini-Studio-Pics-31-684x1024.webp\" class=\"attachment-large size-large wp-image-3338\" alt=\"\" srcset=\"https:\/\/ma.melianak.com\/wp-content\/uploads\/2023\/12\/Burkini-Studio-Pics-31-684x1024.webp 684w, https:\/\/ma.melianak.com\/wp-content\/uploads\/2023\/12\/Burkini-Studio-Pics-31-scaled-600x899.webp 600w, https:\/\/ma.melianak.com\/wp-content\/uploads\/2023\/12\/Burkini-Studio-Pics-31-200x300.webp 200w, https:\/\/ma.melianak.com\/wp-content\/uploads\/2023\/12\/Burkini-Studio-Pics-31-768x1150.webp 768w, https:\/\/ma.melianak.com\/wp-content\/uploads\/2023\/12\/Burkini-Studio-Pics-31-1025x1536.webp 1025w, https:\/\/ma.melianak.com\/wp-content\/uploads\/2023\/12\/Burkini-Studio-Pics-31-1367x2048.webp 1367w, https:\/\/ma.melianak.com\/wp-content\/uploads\/2023\/12\/Burkini-Studio-Pics-31-8x12.webp 8w, https:\/\/ma.melianak.com\/wp-content\/uploads\/2023\/12\/Burkini-Studio-Pics-31-scaled.webp 1709w\" sizes=\"(max-width: 534px) 100vw, 534px\" \/>\t\t\t\t\t\t\t\t\t\t\t\t\t\t\t<\/div>\n\t\t\t\t<\/div>\n\t\t<div class=\"elementor-element elementor-element-6853510 e-flex e-con-boxed e-con e-child\" data-id=\"6853510\" data-element_type=\"container\" data-e-type=\"container\" data-settings=\"{&quot;jet_parallax_layout_list&quot;:[]}\">\n\t\t\t\t\t<div class=\"e-con-inner\">\n\t\t\t\t<div class=\"elementor-element elementor-element-ad62778 elementor-widget elementor-widget-text-editor\" data-id=\"ad62778\" data-element_type=\"widget\" data-e-type=\"widget\" data-widget_type=\"text-editor.default\">\n\t\t\t\t<div class=\"elementor-widget-container\">\n\t\t\t\t\t\t\t\t\t<div id=\"tw-target-text-container\" class=\"tw-ta-container F0azHf tw-nfl\" tabindex=\"0\"><p id=\"tw-target-text\" class=\"tw-data-text tw-text-large tw-ta\" dir=\"ltr\" data-placeholder=\"Traduction\" data-ved=\"2ahUKEwiZtc79__uDAxUMfqQEHZ8bDJsQ3ewLegQICRAQ\"><span class=\"Y2IQFc\" lang=\"fr\">\u0633\u0627\u0631\u0629 \u2013 \u0623\u0633\u0648\u062f<\/span><\/p><\/div>\t\t\t\t\t\t\t\t<\/div>\n\t\t\t\t<\/div>\n\t\t\t\t<div class=\"elementor-element elementor-element-0169098 elementor-widget elementor-widget-heading\" data-id=\"0169098\" data-element_type=\"widget\" data-e-type=\"widget\" data-widget_type=\"heading.default\">\n\t\t\t\t<div class=\"elementor-widget-container\">\n\t\t\t\t\t<p class=\"elementor-heading-title elementor-size-default\">104,99 \u20ac<\/p>\t\t\t\t<\/div>\n\t\t\t\t<\/div>\n\t\t\t\t\t<\/div>\n\t\t\t\t<\/div>\n\t\t\t\t\t<\/div>\n\t\t\t\t<\/a>\n\t\t<a class=\"elementor-element elementor-element-7dea053 e-con-full e-flex e-con e-child\" data-id=\"7dea053\" data-element_type=\"container\" data-e-type=\"container\" data-settings=\"{&quot;jet_parallax_layout_list&quot;:[]}\" href=\"https:\/\/ma.melianak.com\/ar\/product\/modern-modest-swimwear\/\" target=\"_blank\">\n\t\t\t\t<div class=\"elementor-element elementor-element-3cc5c06 elementor-widget elementor-widget-image\" data-id=\"3cc5c06\" data-element_type=\"widget\" data-e-type=\"widget\" data-widget_type=\"image.default\">\n\t\t\t\t<div class=\"elementor-widget-container\">\n\t\t\t\t\t\t\t\t\t\t\t\t\t\t\t<img decoding=\"async\" width=\"534\" height=\"800\" src=\"https:\/\/ma.melianak.com\/wp-content\/uploads\/2023\/12\/Burkini-Studio-Pics-1-684x1024.webp\" class=\"attachment-large size-large wp-image-3308\" alt=\"\u0645\u0644\u0627\u0628\u0633 \u0627\u0644\u0633\u0628\u0627\u062d\u0629 \u0627\u0644\u062d\u062f\u064a\u062b\u0629 \u0627\u0644\u0645\u062a\u0648\u0627\u0636\u0639\u0629\" srcset=\"https:\/\/ma.melianak.com\/wp-content\/uploads\/2023\/12\/Burkini-Studio-Pics-1-684x1024.webp 684w, https:\/\/ma.melianak.com\/wp-content\/uploads\/2023\/12\/Burkini-Studio-Pics-1-scaled-600x899.webp 600w, https:\/\/ma.melianak.com\/wp-content\/uploads\/2023\/12\/Burkini-Studio-Pics-1-200x300.webp 200w, https:\/\/ma.melianak.com\/wp-content\/uploads\/2023\/12\/Burkini-Studio-Pics-1-768x1150.webp 768w, https:\/\/ma.melianak.com\/wp-content\/uploads\/2023\/12\/Burkini-Studio-Pics-1-1025x1536.webp 1025w, https:\/\/ma.melianak.com\/wp-content\/uploads\/2023\/12\/Burkini-Studio-Pics-1-1367x2048.webp 1367w, https:\/\/ma.melianak.com\/wp-content\/uploads\/2023\/12\/Burkini-Studio-Pics-1-8x12.webp 8w, https:\/\/ma.melianak.com\/wp-content\/uploads\/2023\/12\/Burkini-Studio-Pics-1-scaled.webp 1709w\" sizes=\"(max-width: 534px) 100vw, 534px\" \/>\t\t\t\t\t\t\t\t\t\t\t\t\t\t\t<\/div>\n\t\t\t\t<\/div>\n\t\t<div class=\"elementor-element elementor-element-fc152b7 e-flex e-con-boxed e-con e-child\" data-id=\"fc152b7\" data-element_type=\"container\" data-e-type=\"container\" data-settings=\"{&quot;jet_parallax_layout_list&quot;:[]}\">\n\t\t\t\t\t<div class=\"e-con-inner\">\n\t\t\t\t<div class=\"elementor-element elementor-element-59b8d73 elementor-widget elementor-widget-text-editor\" data-id=\"59b8d73\" data-element_type=\"widget\" data-e-type=\"widget\" data-widget_type=\"text-editor.default\">\n\t\t\t\t<div class=\"elementor-widget-container\">\n\t\t\t\t\t\t\t\t\t<div id=\"tw-target-text-container\" class=\"tw-ta-container F0azHf tw-nfl\" tabindex=\"0\"><p id=\"tw-target-text\" class=\"tw-data-text tw-text-large tw-ta\" dir=\"ltr\" data-placeholder=\"Traduction\" data-ved=\"2ahUKEwiZtc79__uDAxUMfqQEHZ8bDJsQ3ewLegQICRAQ\"><span class=\"Y2IQFc\" lang=\"fr\">LINA &#8211; Noir<\/span><\/p><\/div>\t\t\t\t\t\t\t\t<\/div>\n\t\t\t\t<\/div>\n\t\t\t\t<div class=\"elementor-element elementor-element-f7cdc4a elementor-widget elementor-widget-heading\" data-id=\"f7cdc4a\" data-element_type=\"widget\" data-e-type=\"widget\" data-widget_type=\"heading.default\">\n\t\t\t\t<div class=\"elementor-widget-container\">\n\t\t\t\t\t<p class=\"elementor-heading-title elementor-size-default\">99,90 \u20ac<\/p>\t\t\t\t<\/div>\n\t\t\t\t<\/div>\n\t\t\t\t\t<\/div>\n\t\t\t\t<\/div>\n\t\t\t\t<\/a>\n\t\t<a class=\"elementor-element elementor-element-6decba7 e-con-full e-flex e-con e-child\" data-id=\"6decba7\" data-element_type=\"container\" data-e-type=\"container\" data-settings=\"{&quot;jet_parallax_layout_list&quot;:[]}\" href=\"https:\/\/ma.melianak.com\/ar\/product\/swim-tunic-djellaba\/\" target=\"_blank\">\n\t\t\t\t<div class=\"elementor-element elementor-element-5bc8db6 elementor-widget elementor-widget-image\" data-id=\"5bc8db6\" data-element_type=\"widget\" data-e-type=\"widget\" data-widget_type=\"image.default\">\n\t\t\t\t<div class=\"elementor-widget-container\">\n\t\t\t\t\t\t\t\t\t\t\t\t\t\t\t<img loading=\"lazy\" decoding=\"async\" width=\"534\" height=\"800\" src=\"https:\/\/ma.melianak.com\/wp-content\/uploads\/2023\/12\/Burkini-Studio-Pics-53-684x1024.webp\" class=\"attachment-large size-large wp-image-3360\" alt=\"\" srcset=\"https:\/\/ma.melianak.com\/wp-content\/uploads\/2023\/12\/Burkini-Studio-Pics-53-684x1024.webp 684w, https:\/\/ma.melianak.com\/wp-content\/uploads\/2023\/12\/Burkini-Studio-Pics-53-scaled-600x899.webp 600w, https:\/\/ma.melianak.com\/wp-content\/uploads\/2023\/12\/Burkini-Studio-Pics-53-200x300.webp 200w, https:\/\/ma.melianak.com\/wp-content\/uploads\/2023\/12\/Burkini-Studio-Pics-53-768x1151.webp 768w, https:\/\/ma.melianak.com\/wp-content\/uploads\/2023\/12\/Burkini-Studio-Pics-53-1025x1536.webp 1025w, https:\/\/ma.melianak.com\/wp-content\/uploads\/2023\/12\/Burkini-Studio-Pics-53-1367x2048.webp 1367w, https:\/\/ma.melianak.com\/wp-content\/uploads\/2023\/12\/Burkini-Studio-Pics-53-8x12.webp 8w, https:\/\/ma.melianak.com\/wp-content\/uploads\/2023\/12\/Burkini-Studio-Pics-53-scaled.webp 1709w\" sizes=\"(max-width: 534px) 100vw, 534px\" \/>\t\t\t\t\t\t\t\t\t\t\t\t\t\t\t<\/div>\n\t\t\t\t<\/div>\n\t\t<div class=\"elementor-element elementor-element-bad11d1 e-flex e-con-boxed e-con e-child\" data-id=\"bad11d1\" data-element_type=\"container\" data-e-type=\"container\" data-settings=\"{&quot;jet_parallax_layout_list&quot;:[]}\">\n\t\t\t\t\t<div class=\"e-con-inner\">\n\t\t\t\t<div class=\"elementor-element elementor-element-23067b8 elementor-widget elementor-widget-text-editor\" data-id=\"23067b8\" data-element_type=\"widget\" data-e-type=\"widget\" data-widget_type=\"text-editor.default\">\n\t\t\t\t<div class=\"elementor-widget-container\">\n\t\t\t\t\t\t\t\t\t<div id=\"tw-target-text-container\" class=\"tw-ta-container F0azHf tw-nfl\" tabindex=\"0\"><p id=\"tw-target-text\" class=\"tw-data-text tw-text-large tw-ta\" dir=\"ltr\" data-placeholder=\"Traduction\" data-ved=\"2ahUKEwiZtc79__uDAxUMfqQEHZ8bDJsQ3ewLegQICRAQ\"><span class=\"Y2IQFc\" lang=\"fr\">\u062c\u0644\u0627\u0628\u0629 \u2013 \u0623\u0633\u0648\u062f \u0648\u0628\u0646\u064a<\/span><\/p><\/div>\t\t\t\t\t\t\t\t<\/div>\n\t\t\t\t<\/div>\n\t\t\t\t<div class=\"elementor-element elementor-element-e4be50f elementor-widget elementor-widget-heading\" data-id=\"e4be50f\" data-element_type=\"widget\" data-e-type=\"widget\" data-widget_type=\"heading.default\">\n\t\t\t\t<div class=\"elementor-widget-container\">\n\t\t\t\t\t<p class=\"elementor-heading-title elementor-size-default\">79.90 \u20ac<\/p>\t\t\t\t<\/div>\n\t\t\t\t<\/div>\n\t\t\t\t\t<\/div>\n\t\t\t\t<\/div>\n\t\t\t\t<\/a>\n\t\t\t\t\t<\/div>\n\t\t\t\t<\/div>\n\t\t\t\t\t<\/div>\n\t\t\t\t<\/div>\n\t\t\t\t<\/div>\n\t\t\t\t<\/div>\n\t\t<div class=\"elementor-element elementor-element-01a014b e-flex e-con-boxed e-con e-parent\" data-id=\"01a014b\" data-element_type=\"container\" data-e-type=\"container\" data-settings=\"{&quot;jet_parallax_layout_list&quot;:[]}\">\n\t\t\t\t\t<div class=\"e-con-inner\">\n\t\t\t\t<div class=\"elementor-element elementor-element-9586db9 elementor-align-center elementor-mobile-align-justify elementor-widget__width-inherit elementor-invisible elementor-widget elementor-widget-button\" data-id=\"9586db9\" data-element_type=\"widget\" data-e-type=\"widget\" data-settings=\"{&quot;_animation&quot;:&quot;slideInUp&quot;}\" data-widget_type=\"button.default\">\n\t\t\t\t<div class=\"elementor-widget-container\">\n\t\t\t\t\t\t\t\t\t<div class=\"elementor-button-wrapper\">\n\t\t\t\t\t<a class=\"elementor-button elementor-button-link elementor-size-xs\" href=\"https:\/\/ma.melianak.com\/ar\/\u0645\u062d\u0644\/\" target=\"_blank\">\n\t\t\t\t\t\t<span class=\"elementor-button-content-wrapper\">\n\t\t\t\t\t\t<span class=\"elementor-button-icon\">\n\t\t\t\t<i aria-hidden=\"true\" class=\"icon icon-arrow-right\"><\/i>\t\t\t<\/span>\n\t\t\t\t\t\t\t\t\t<span class=\"elementor-button-text\">\u0625\u0630\u0647\u0628 \u0625\u0644\u0649 \u0627\u0644\u0645\u062d\u0644<\/span>\n\t\t\t\t\t<\/span>\n\t\t\t\t\t<\/a>\n\t\t\t\t<\/div>\n\t\t\t\t\t\t\t\t<\/div>\n\t\t\t\t<\/div>\n\t\t\t\t\t<\/div>\n\t\t\t\t<\/div>\n\t\t\t\t<\/div>","protected":false},"excerpt":{"rendered":"<p>Melianak swimwear Burkini noir Plus qu&#8217;un maillot de bain modeste, une deuxi\u00e8me peau Upf50+ Eco-responsable S\u00e9chage rapide MEL &#8211; Noir 129,90 \u20ac SARA &#8211; Noir 104,99 \u20ac LINA &#8211; Noir 99,90 \u20ac DJELLABA &#8211; Noir &amp; Marron 79.90 \u20ac Aller vers la boutique<\/p>","protected":false},"author":5,"featured_media":3207,"parent":0,"menu_order":0,"comment_status":"closed","ping_status":"closed","template":"","meta":{"footnotes":""},"class_list":["post-9787","page","type-page","status-publish","has-post-thumbnail","hentry"],"jetpack_sharing_enabled":true,"_links":{"self":[{"href":"https:\/\/ma.melianak.com\/ar\/wp-json\/wp\/v2\/pages\/9787"}],"collection":[{"href":"https:\/\/ma.melianak.com\/ar\/wp-json\/wp\/v2\/pages"}],"about":[{"href":"https:\/\/ma.melianak.com\/ar\/wp-json\/wp\/v2\/types\/page"}],"author":[{"embeddable":true,"href":"https:\/\/ma.melianak.com\/ar\/wp-json\/wp\/v2\/users\/5"}],"replies":[{"embeddable":true,"href":"https:\/\/ma.melianak.com\/ar\/wp-json\/wp\/v2\/comments?post=9787"}],"version-history":[{"count":5,"href":"https:\/\/ma.melianak.com\/ar\/wp-json\/wp\/v2\/pages\/9787\/revisions"}],"predecessor-version":[{"id":9796,"href":"https:\/\/ma.melianak.com\/ar\/wp-json\/wp\/v2\/pages\/9787\/revisions\/9796"}],"wp:featuredmedia":[{"embeddable":true,"href":"https:\/\/ma.melianak.com\/ar\/wp-json\/wp\/v2\/media\/3207"}],"wp:attachment":[{"href":"https:\/\/ma.melianak.com\/ar\/wp-json\/wp\/v2\/media?parent=9787"}],"curies":[{"name":"wp","href":"https:\/\/api.w.org\/{rel}","templated":true}]}}