{"id":9772,"date":"2024-04-03T11:10:51","date_gmt":"2024-04-03T09:10:51","guid":{"rendered":"https:\/\/ma.melianak.com\/?page_id=9772"},"modified":"2024-04-05T22:34:18","modified_gmt":"2024-04-05T20:34:18","slug":"burkini-vert","status":"publish","type":"page","link":"https:\/\/ma.melianak.com\/en_us\/green-burkini\/","title":{"rendered":"burkini vert"},"content":{"rendered":"<div data-elementor-type=\"wp-page\" data-elementor-id=\"9772\" class=\"elementor elementor-9772\" data-elementor-post-type=\"page\">\n\t\t\t\t<div class=\"elementor-element elementor-element-dd4c533 e-con-full e-flex e-con e-parent\" data-id=\"dd4c533\" data-element_type=\"container\" data-e-type=\"container\" data-settings=\"{&quot;background_background&quot;:&quot;video&quot;,&quot;background_video_link&quot;:&quot;https:\\\/\\\/youtu.be\\\/MDYxzKwv1Og&quot;,&quot;background_video_start&quot;:1,&quot;background_play_on_mobile&quot;:&quot;yes&quot;,&quot;jet_parallax_layout_list&quot;:[]}\">\n\t\t<div class=\"elementor-background-video-container\">\n\t\t\t\t\t\t\t<div class=\"elementor-background-video-embed\" role=\"presentation\"><\/div>\n\t\t\t\t\t\t<\/div><div class=\"elementor-element elementor-element-c9b9ee3 e-flex e-con-boxed e-con e-child\" data-id=\"c9b9ee3\" data-element_type=\"container\" data-e-type=\"container\" data-settings=\"{&quot;jet_parallax_layout_list&quot;:[]}\">\n\t\t\t\t\t<div class=\"e-con-inner\">\n\t\t\t\t<div class=\"elementor-element elementor-element-e2f13fe elementor-invisible elementor-widget elementor-widget-text-editor\" data-id=\"e2f13fe\" data-element_type=\"widget\" data-e-type=\"widget\" data-settings=\"{&quot;_animation&quot;:&quot;fadeInUp&quot;}\" data-widget_type=\"text-editor.default\">\n\t\t\t\t<div class=\"elementor-widget-container\">\n\t\t\t\t\t\t\t\t\t<p>Melianak swimwear<\/p>\t\t\t\t\t\t\t\t<\/div>\n\t\t\t\t<\/div>\n\t\t\t\t<div class=\"elementor-element elementor-element-7e48e6a elementor-invisible elementor-widget elementor-widget-heading\" data-id=\"7e48e6a\" data-element_type=\"widget\" data-e-type=\"widget\" data-settings=\"{&quot;_animation&quot;:&quot;fadeInUp&quot;}\" data-widget_type=\"heading.default\">\n\t\t\t\t<div class=\"elementor-widget-container\">\n\t\t\t\t\t<h1 class=\"elementor-heading-title elementor-size-default\">Green burkini<\/h1>\t\t\t\t<\/div>\n\t\t\t\t<\/div>\n\t\t\t\t<div class=\"elementor-element elementor-element-ff5920c elementor-invisible elementor-widget elementor-widget-text-editor\" data-id=\"ff5920c\" data-element_type=\"widget\" data-e-type=\"widget\" data-settings=\"{&quot;_animation&quot;:&quot;fadeInUp&quot;}\" data-widget_type=\"text-editor.default\">\n\t\t\t\t<div class=\"elementor-widget-container\">\n\t\t\t\t\t\t\t\t\t<p>More than a modest swimsuit, a second skin<\/p>\t\t\t\t\t\t\t\t<\/div>\n\t\t\t\t<\/div>\n\t\t\t\t\t<\/div>\n\t\t\t\t<\/div>\n\t\t\t\t<\/div>\n\t\t<div class=\"elementor-element elementor-element-43b25f2 e-con-full e-flex e-con e-parent\" data-id=\"43b25f2\" data-element_type=\"container\" data-e-type=\"container\" data-settings=\"{&quot;background_background&quot;:&quot;classic&quot;,&quot;jet_parallax_layout_list&quot;:[]}\">\n\t\t<div class=\"elementor-element elementor-element-849967d e-con-full e-flex e-con e-child\" data-id=\"849967d\" data-element_type=\"container\" data-e-type=\"container\" data-settings=\"{&quot;jet_parallax_layout_list&quot;:[]}\">\n\t\t<div class=\"elementor-element elementor-element-c28bbe0 e-flex e-con-boxed e-con e-child\" data-id=\"c28bbe0\" data-element_type=\"container\" data-e-type=\"container\" data-settings=\"{&quot;jet_parallax_layout_list&quot;:[]}\">\n\t\t\t\t\t<div class=\"e-con-inner\">\n\t\t<div class=\"elementor-element elementor-element-44e57f9 e-flex e-con-boxed e-con e-child\" data-id=\"44e57f9\" data-element_type=\"container\" data-e-type=\"container\" data-settings=\"{&quot;jet_parallax_layout_list&quot;:[]}\">\n\t\t\t\t\t<div class=\"e-con-inner\">\n\t\t<div class=\"elementor-element elementor-element-88f0112 e-flex e-con-boxed e-con e-child\" data-id=\"88f0112\" data-element_type=\"container\" data-e-type=\"container\" data-settings=\"{&quot;background_background&quot;:&quot;classic&quot;,&quot;jet_parallax_layout_list&quot;:[]}\">\n\t\t\t\t\t<div class=\"e-con-inner\">\n\t\t\t\t<div class=\"elementor-element elementor-element-8ecb628 elementor-icon-list--layout-inline elementor-align-center elementor-list-item-link-full_width elementor-widget elementor-widget-icon-list\" data-id=\"8ecb628\" data-element_type=\"widget\" data-e-type=\"widget\" data-widget_type=\"icon-list.default\">\n\t\t\t\t<div class=\"elementor-widget-container\">\n\t\t\t\t\t\t\t<ul class=\"elementor-icon-list-items elementor-inline-items\">\n\t\t\t\t\t\t\t<li class=\"elementor-icon-list-item elementor-inline-item\">\n\t\t\t\t\t\t\t\t\t\t<span class=\"elementor-icon-list-text\">Upf50+<\/span>\n\t\t\t\t\t\t\t\t\t<\/li>\n\t\t\t\t\t\t\t\t<li class=\"elementor-icon-list-item elementor-inline-item\">\n\t\t\t\t\t\t\t\t\t\t<span class=\"elementor-icon-list-text\">Eco-responsible<\/span>\n\t\t\t\t\t\t\t\t\t<\/li>\n\t\t\t\t\t\t\t\t<li class=\"elementor-icon-list-item elementor-inline-item\">\n\t\t\t\t\t\t\t\t\t\t<span class=\"elementor-icon-list-text\">Fast drying<\/span>\n\t\t\t\t\t\t\t\t\t<\/li>\n\t\t\t\t\t\t<\/ul>\n\t\t\t\t\t\t<\/div>\n\t\t\t\t<\/div>\n\t\t\t\t\t<\/div>\n\t\t\t\t<\/div>\n\t\t<div class=\"elementor-element elementor-element-725b00e e-flex e-con-boxed e-con e-child\" data-id=\"725b00e\" data-element_type=\"container\" data-e-type=\"container\" data-settings=\"{&quot;jet_parallax_layout_list&quot;:[]}\">\n\t\t\t\t\t<div class=\"e-con-inner\">\n\t\t<div class=\"elementor-element elementor-element-e327683 e-grid e-con-boxed e-con e-child\" data-id=\"e327683\" data-element_type=\"container\" data-e-type=\"container\" data-settings=\"{&quot;jet_parallax_layout_list&quot;:[]}\">\n\t\t\t\t\t<div class=\"e-con-inner\">\n\t\t<a class=\"elementor-element elementor-element-5312e7d e-con-full e-flex e-con e-child\" data-id=\"5312e7d\" data-element_type=\"container\" data-e-type=\"container\" data-settings=\"{&quot;jet_parallax_layout_list&quot;:[]}\" href=\"https:\/\/ma.melianak.com\/en_us\/product\/modern-modest-swimwear\/\" target=\"_blank\">\n\t\t\t\t<div class=\"elementor-element elementor-element-972f26a elementor-widget elementor-widget-image\" data-id=\"972f26a\" data-element_type=\"widget\" data-e-type=\"widget\" data-widget_type=\"image.default\">\n\t\t\t\t<div class=\"elementor-widget-container\">\n\t\t\t\t\t\t\t\t\t\t\t\t\t\t\t<img fetchpriority=\"high\" decoding=\"async\" width=\"534\" height=\"800\" src=\"https:\/\/ma.melianak.com\/wp-content\/uploads\/2023\/12\/Burkini-Studio-Pics-10-684x1024.webp\" class=\"attachment-large size-large wp-image-3317\" alt=\"Burkini vert avec zip sur le devant et jupe\" srcset=\"https:\/\/ma.melianak.com\/wp-content\/uploads\/2023\/12\/Burkini-Studio-Pics-10-684x1024.webp 684w, https:\/\/ma.melianak.com\/wp-content\/uploads\/2023\/12\/Burkini-Studio-Pics-10-scaled-600x899.webp 600w, https:\/\/ma.melianak.com\/wp-content\/uploads\/2023\/12\/Burkini-Studio-Pics-10-200x300.webp 200w, https:\/\/ma.melianak.com\/wp-content\/uploads\/2023\/12\/Burkini-Studio-Pics-10-768x1150.webp 768w, https:\/\/ma.melianak.com\/wp-content\/uploads\/2023\/12\/Burkini-Studio-Pics-10-1025x1536.webp 1025w, https:\/\/ma.melianak.com\/wp-content\/uploads\/2023\/12\/Burkini-Studio-Pics-10-1367x2048.webp 1367w, https:\/\/ma.melianak.com\/wp-content\/uploads\/2023\/12\/Burkini-Studio-Pics-10-8x12.webp 8w, https:\/\/ma.melianak.com\/wp-content\/uploads\/2023\/12\/Burkini-Studio-Pics-10-scaled.webp 1709w\" sizes=\"(max-width: 534px) 100vw, 534px\" \/>\t\t\t\t\t\t\t\t\t\t\t\t\t\t\t<\/div>\n\t\t\t\t<\/div>\n\t\t<div class=\"elementor-element elementor-element-4728210 e-flex e-con-boxed e-con e-child\" data-id=\"4728210\" data-element_type=\"container\" data-e-type=\"container\" data-settings=\"{&quot;jet_parallax_layout_list&quot;:[]}\">\n\t\t\t\t\t<div class=\"e-con-inner\">\n\t\t\t\t<div class=\"elementor-element elementor-element-bab4d2d elementor-widget elementor-widget-text-editor\" data-id=\"bab4d2d\" data-element_type=\"widget\" data-e-type=\"widget\" data-widget_type=\"text-editor.default\">\n\t\t\t\t<div class=\"elementor-widget-container\">\n\t\t\t\t\t\t\t\t\t<div id=\"tw-target-text-container\" class=\"tw-ta-container F0azHf tw-nfl\" tabindex=\"0\"><p id=\"tw-target-text\" class=\"tw-data-text tw-text-large tw-ta\" dir=\"ltr\" data-placeholder=\"Traduction\" data-ved=\"2ahUKEwiZtc79__uDAxUMfqQEHZ8bDJsQ3ewLegQICRAQ\"><span class=\"Y2IQFc\" lang=\"fr\">LINA \u2013 Pastel green<\/span><\/p><\/div>\t\t\t\t\t\t\t\t<\/div>\n\t\t\t\t<\/div>\n\t\t\t\t<div class=\"elementor-element elementor-element-aa1fa4a elementor-widget elementor-widget-heading\" data-id=\"aa1fa4a\" data-element_type=\"widget\" data-e-type=\"widget\" data-widget_type=\"heading.default\">\n\t\t\t\t<div class=\"elementor-widget-container\">\n\t\t\t\t\t<p class=\"elementor-heading-title elementor-size-default\">99,90 \u20ac<\/p>\t\t\t\t<\/div>\n\t\t\t\t<\/div>\n\t\t\t\t\t<\/div>\n\t\t\t\t<\/div>\n\t\t\t\t<\/a>\n\t\t<a class=\"elementor-element elementor-element-d2986ba e-con-full e-flex e-con e-child\" data-id=\"d2986ba\" data-element_type=\"container\" data-e-type=\"container\" data-settings=\"{&quot;jet_parallax_layout_list&quot;:[]}\" href=\"https:\/\/ma.melianak.com\/en_us\/product\/modest-swimsuit-with-skirt\/\" target=\"_blank\">\n\t\t\t\t<div class=\"elementor-element elementor-element-d7fc91a elementor-widget__width-initial elementor-widget elementor-widget-image\" data-id=\"d7fc91a\" data-element_type=\"widget\" data-e-type=\"widget\" data-widget_type=\"image.default\">\n\t\t\t\t<div class=\"elementor-widget-container\">\n\t\t\t\t\t\t\t\t\t\t\t\t\t\t\t<img decoding=\"async\" src=\"https:\/\/ma.melianak.com\/wp-content\/uploads\/2023\/12\/Burkini-Studio-Pics-25-scaled.webp\" title=\"\" alt=\"Burkini vert avec d\u00e9tails \u00e9l\u00e9gants et jupe porte feuille\" loading=\"lazy\" \/>\t\t\t\t\t\t\t\t\t\t\t\t\t\t\t<\/div>\n\t\t\t\t<\/div>\n\t\t<div class=\"elementor-element elementor-element-3fa6c47 e-flex e-con-boxed e-con e-child\" data-id=\"3fa6c47\" data-element_type=\"container\" data-e-type=\"container\" data-settings=\"{&quot;jet_parallax_layout_list&quot;:[]}\">\n\t\t\t\t\t<div class=\"e-con-inner\">\n\t\t\t\t<div class=\"elementor-element elementor-element-9f922ce elementor-widget elementor-widget-text-editor\" data-id=\"9f922ce\" data-element_type=\"widget\" data-e-type=\"widget\" data-widget_type=\"text-editor.default\">\n\t\t\t\t<div class=\"elementor-widget-container\">\n\t\t\t\t\t\t\t\t\t<div id=\"tw-target-text-container\" class=\"tw-ta-container F0azHf tw-nfl\" tabindex=\"0\"><p id=\"tw-target-text\" class=\"tw-data-text tw-text-large tw-ta\" dir=\"ltr\" data-placeholder=\"Traduction\" data-ved=\"2ahUKEwiZtc79__uDAxUMfqQEHZ8bDJsQ3ewLegQICRAQ\"><span class=\"Y2IQFc\" lang=\"fr\">MEL \u2013 Pastel green<\/span><\/p><\/div>\t\t\t\t\t\t\t\t<\/div>\n\t\t\t\t<\/div>\n\t\t\t\t<div class=\"elementor-element elementor-element-3ceba53 elementor-widget elementor-widget-heading\" data-id=\"3ceba53\" data-element_type=\"widget\" data-e-type=\"widget\" data-widget_type=\"heading.default\">\n\t\t\t\t<div class=\"elementor-widget-container\">\n\t\t\t\t\t<p class=\"elementor-heading-title elementor-size-default\">129,90 \u20ac<\/p>\t\t\t\t<\/div>\n\t\t\t\t<\/div>\n\t\t\t\t\t<\/div>\n\t\t\t\t<\/div>\n\t\t\t\t<\/a>\n\t\t<a class=\"elementor-element elementor-element-8adc779 e-con-full e-flex e-con e-child\" data-id=\"8adc779\" data-element_type=\"container\" data-e-type=\"container\" data-settings=\"{&quot;jet_parallax_layout_list&quot;:[]}\" href=\"https:\/\/ma.melianak.com\/en_us\/product\/modest-swimwear-dress\/\" target=\"_blank\">\n\t\t\t\t<div class=\"elementor-element elementor-element-d82ede2 elementor-widget elementor-widget-image\" data-id=\"d82ede2\" data-element_type=\"widget\" data-e-type=\"widget\" data-widget_type=\"image.default\">\n\t\t\t\t<div class=\"elementor-widget-container\">\n\t\t\t\t\t\t\t\t\t\t\t\t\t\t\t<img decoding=\"async\" width=\"534\" height=\"800\" src=\"https:\/\/ma.melianak.com\/wp-content\/uploads\/2023\/12\/Burkini-Studio-Pics-40-684x1024.webp\" class=\"attachment-large size-large wp-image-3347\" alt=\"Robe burkini vert\" srcset=\"https:\/\/ma.melianak.com\/wp-content\/uploads\/2023\/12\/Burkini-Studio-Pics-40-684x1024.webp 684w, https:\/\/ma.melianak.com\/wp-content\/uploads\/2023\/12\/Burkini-Studio-Pics-40-scaled-600x899.webp 600w, https:\/\/ma.melianak.com\/wp-content\/uploads\/2023\/12\/Burkini-Studio-Pics-40-200x300.webp 200w, https:\/\/ma.melianak.com\/wp-content\/uploads\/2023\/12\/Burkini-Studio-Pics-40-768x1150.webp 768w, https:\/\/ma.melianak.com\/wp-content\/uploads\/2023\/12\/Burkini-Studio-Pics-40-1025x1536.webp 1025w, https:\/\/ma.melianak.com\/wp-content\/uploads\/2023\/12\/Burkini-Studio-Pics-40-1367x2048.webp 1367w, https:\/\/ma.melianak.com\/wp-content\/uploads\/2023\/12\/Burkini-Studio-Pics-40-8x12.webp 8w, https:\/\/ma.melianak.com\/wp-content\/uploads\/2023\/12\/Burkini-Studio-Pics-40-scaled.webp 1709w\" sizes=\"(max-width: 534px) 100vw, 534px\" \/>\t\t\t\t\t\t\t\t\t\t\t\t\t\t\t<\/div>\n\t\t\t\t<\/div>\n\t\t<div class=\"elementor-element elementor-element-00883ca e-flex e-con-boxed e-con e-child\" data-id=\"00883ca\" data-element_type=\"container\" data-e-type=\"container\" data-settings=\"{&quot;jet_parallax_layout_list&quot;:[]}\">\n\t\t\t\t\t<div class=\"e-con-inner\">\n\t\t\t\t<div class=\"elementor-element elementor-element-308dbdd elementor-widget elementor-widget-text-editor\" data-id=\"308dbdd\" data-element_type=\"widget\" data-e-type=\"widget\" data-widget_type=\"text-editor.default\">\n\t\t\t\t<div class=\"elementor-widget-container\">\n\t\t\t\t\t\t\t\t\t<div id=\"tw-target-text-container\" class=\"tw-ta-container F0azHf tw-nfl\" tabindex=\"0\"><p id=\"tw-target-text\" class=\"tw-data-text tw-text-large tw-ta\" dir=\"ltr\" data-placeholder=\"Traduction\" data-ved=\"2ahUKEwiZtc79__uDAxUMfqQEHZ8bDJsQ3ewLegQICRAQ\"><span class=\"Y2IQFc\" lang=\"fr\">SARA &#8211; Vert pastel<\/span><\/p><\/div>\t\t\t\t\t\t\t\t<\/div>\n\t\t\t\t<\/div>\n\t\t\t\t<div class=\"elementor-element elementor-element-b18e7f0 elementor-widget elementor-widget-heading\" data-id=\"b18e7f0\" data-element_type=\"widget\" data-e-type=\"widget\" data-widget_type=\"heading.default\">\n\t\t\t\t<div class=\"elementor-widget-container\">\n\t\t\t\t\t<p class=\"elementor-heading-title elementor-size-default\">104,99 \u20ac<\/p>\t\t\t\t<\/div>\n\t\t\t\t<\/div>\n\t\t\t\t\t<\/div>\n\t\t\t\t<\/div>\n\t\t\t\t<\/a>\n\t\t\t\t\t<\/div>\n\t\t\t\t<\/div>\n\t\t\t\t\t<\/div>\n\t\t\t\t<\/div>\n\t\t\t\t\t<\/div>\n\t\t\t\t<\/div>\n\t\t\t\t\t<\/div>\n\t\t\t\t<\/div>\n\t\t\t\t<\/div>\n\t\t\t\t<\/div>\n\t\t<div class=\"elementor-element elementor-element-c18fc33 e-flex e-con-boxed e-con e-parent\" data-id=\"c18fc33\" data-element_type=\"container\" data-e-type=\"container\" data-settings=\"{&quot;jet_parallax_layout_list&quot;:[]}\">\n\t\t\t\t\t<div class=\"e-con-inner\">\n\t\t\t\t<div class=\"elementor-element elementor-element-09ef051 elementor-align-center elementor-mobile-align-justify elementor-widget__width-inherit elementor-invisible elementor-widget elementor-widget-button\" data-id=\"09ef051\" data-element_type=\"widget\" data-e-type=\"widget\" data-settings=\"{&quot;_animation&quot;:&quot;slideInUp&quot;}\" data-widget_type=\"button.default\">\n\t\t\t\t<div class=\"elementor-widget-container\">\n\t\t\t\t\t\t\t\t\t<div class=\"elementor-button-wrapper\">\n\t\t\t\t\t<a class=\"elementor-button elementor-button-link elementor-size-xs\" href=\"https:\/\/ma.melianak.com\/en_us\/shop-2\/\" target=\"_blank\">\n\t\t\t\t\t\t<span class=\"elementor-button-content-wrapper\">\n\t\t\t\t\t\t<span class=\"elementor-button-icon\">\n\t\t\t\t<i aria-hidden=\"true\" class=\"icon icon-arrow-right\"><\/i>\t\t\t<\/span>\n\t\t\t\t\t\t\t\t\t<span class=\"elementor-button-text\">go to the store<\/span>\n\t\t\t\t\t<\/span>\n\t\t\t\t\t<\/a>\n\t\t\t\t<\/div>\n\t\t\t\t\t\t\t\t<\/div>\n\t\t\t\t<\/div>\n\t\t\t\t\t<\/div>\n\t\t\t\t<\/div>\n\t\t\t\t<\/div>","protected":false},"excerpt":{"rendered":"<p>Melianak swimwear Burkini vert Plus qu&#8217;un maillot de bain modeste, une deuxi\u00e8me peau Upf50+ Eco-responsable S\u00e9chage rapide LINA &#8211; Vert pastel 99,90 \u20ac MEL &#8211; Vert pastel 129,90 \u20ac SARA &#8211; Vert pastel 104,99 \u20ac Aller vers la boutique<\/p>","protected":false},"author":5,"featured_media":9773,"parent":0,"menu_order":0,"comment_status":"closed","ping_status":"closed","template":"","meta":{"footnotes":""},"class_list":["post-9772","page","type-page","status-publish","has-post-thumbnail","hentry"],"jetpack_sharing_enabled":true,"_links":{"self":[{"href":"https:\/\/ma.melianak.com\/en_us\/wp-json\/wp\/v2\/pages\/9772"}],"collection":[{"href":"https:\/\/ma.melianak.com\/en_us\/wp-json\/wp\/v2\/pages"}],"about":[{"href":"https:\/\/ma.melianak.com\/en_us\/wp-json\/wp\/v2\/types\/page"}],"author":[{"embeddable":true,"href":"https:\/\/ma.melianak.com\/en_us\/wp-json\/wp\/v2\/users\/5"}],"replies":[{"embeddable":true,"href":"https:\/\/ma.melianak.com\/en_us\/wp-json\/wp\/v2\/comments?post=9772"}],"version-history":[{"count":0,"href":"https:\/\/ma.melianak.com\/en_us\/wp-json\/wp\/v2\/pages\/9772\/revisions"}],"wp:featuredmedia":[{"embeddable":true,"href":"https:\/\/ma.melianak.com\/en_us\/wp-json\/wp\/v2\/media\/9773"}],"wp:attachment":[{"href":"https:\/\/ma.melianak.com\/en_us\/wp-json\/wp\/v2\/media?parent=9772"}],"curies":[{"name":"wp","href":"https:\/\/api.w.org\/{rel}","templated":true}]}}